{"id":267,"date":"2014-08-28T08:48:27","date_gmt":"2014-08-28T08:48:27","guid":{"rendered":"http:\/\/localhost\/redux\/?page_id=267"},"modified":"2020-09-02T14:59:46","modified_gmt":"2020-09-02T14:59:46","slug":"contact","status":"publish","type":"page","link":"https:\/\/multiformas.com.co\/tienda\/contact\/","title":{"rendered":"Contacto"},"content":{"rendered":"<h4>Direcci\u00f3n<\/h4>\n<p>Cra. 27 ## 41 &#8211; 84 sur, Bogot\u00e1, Cundinamarca<\/p>\n<h4>Tel\u00e9fonos<\/h4>\n<p>Celular:<br \/>\n<a class=\"\" href=\"tel:3162491764\">3162491764<\/a><br \/>\n<a class=\"\" href=\"tel:3004947911\">3004947911<\/a><br \/>\ntel\u00e9fono fijo:<br \/>\n<a class=\"\" href=\"tel:0315140882\">0315140882<\/a><\/p>\n<h4>Email<\/h4>\n<p>harryclavijo@multiformas.com.co<\/p>\n<h3>Escr\u00edbenos con gusto te atenderemos<\/h3>\n<div role=\"form\" class=\"wpcf7\" id=\"wpcf7-f21-o1\" lang=\"es-ES\" dir=\"ltr\">\n<div class=\"screen-reader-response\"><p role=\"status\" aria-live=\"polite\" aria-atomic=\"true\"><\/p> <ul><\/ul><\/div>\n<form action=\"\/tienda\/wp-json\/wp\/v2\/pages\/267#wpcf7-f21-o1\" method=\"post\" class=\"wpcf7-form init\" novalidate=\"novalidate\" data-status=\"init\">\n<div style=\"display: none;\">\n<input type=\"hidden\" name=\"_wpcf7\" value=\"21\" \/>\n<input type=\"hidden\" name=\"_wpcf7_version\" value=\"5.3\" \/>\n<input type=\"hidden\" name=\"_wpcf7_locale\" value=\"es_ES\" \/>\n<input type=\"hidden\" name=\"_wpcf7_unit_tag\" value=\"wpcf7-f21-o1\" \/>\n<input type=\"hidden\" name=\"_wpcf7_container_post\" value=\"0\" \/>\n<input type=\"hidden\" name=\"_wpcf7_posted_data_hash\" value=\"\" \/>\n<\/div>\n<p><label> Tu nombre (obligatorio)<br \/>\n    <span class=\"wpcf7-form-control-wrap your-name\"><input type=\"text\" name=\"your-name\" value=\"\" size=\"40\" class=\"wpcf7-form-control wpcf7-text wpcf7-validates-as-required\" aria-required=\"true\" aria-invalid=\"false\" \/><\/span> <\/label><\/p>\n<p><label> Tu correo electr\u00f3nico (obligatorio)<br \/>\n    <span class=\"wpcf7-form-control-wrap your-email\"><input type=\"email\" name=\"your-email\" value=\"\" size=\"40\" class=\"wpcf7-form-control wpcf7-text wpcf7-email wpcf7-validates-as-required wpcf7-validates-as-email\" aria-required=\"true\" aria-invalid=\"false\" \/><\/span> <\/label><\/p>\n<p><label> Asunto<br \/>\n    <span class=\"wpcf7-form-control-wrap your-subject\"><input type=\"text\" name=\"your-subject\" value=\"\" size=\"40\" class=\"wpcf7-form-control wpcf7-text\" aria-invalid=\"false\" \/><\/span> <\/label><\/p>\n<p><label> Tu mensaje<br \/>\n    <span class=\"wpcf7-form-control-wrap your-message\"><textarea name=\"your-message\" cols=\"40\" rows=\"10\" class=\"wpcf7-form-control wpcf7-textarea\" aria-invalid=\"false\"><\/textarea><\/span> <\/label><\/p>\n<p><input type=\"submit\" value=\"Enviar\" class=\"wpcf7-form-control wpcf7-submit\" \/><\/p>\n<input type='hidden' class='wpcf7-pum' value='{\"closepopup\":false,\"closedelay\":0,\"openpopup\":false,\"openpopup_id\":0}' \/><div class=\"wpcf7-response-output\" aria-hidden=\"true\"><\/div><\/form><\/div>\n","protected":false},"excerpt":{"rendered":"<p>Direcci\u00f3n Cra. 27 ## 41 &#8211; 84 sur, Bogot\u00e1, Cundinamarca Tel\u00e9fonos Celular: 3162491764 3004947911 tel\u00e9fono fijo: 0315140882 Email harryclavijo@multiformas.com.co Escr\u00edbenos&hellip;<\/p>\n","protected":false},"author":1,"featured_media":0,"parent":0,"menu_order":0,"comment_status":"open","ping_status":"open","template":"","meta":{"spay_email":"","footnotes":""},"class_list":["post-267","page","type-page","status-publish","hentry"],"_links":{"self":[{"href":"https:\/\/multiformas.com.co\/tienda\/wp-json\/wp\/v2\/pages\/267","targetHints":{"allow":["GET"]}}],"collection":[{"href":"https:\/\/multiformas.com.co\/tienda\/wp-json\/wp\/v2\/pages"}],"about":[{"href":"https:\/\/multiformas.com.co\/tienda\/wp-json\/wp\/v2\/types\/page"}],"author":[{"embeddable":true,"href":"https:\/\/multiformas.com.co\/tienda\/wp-json\/wp\/v2\/users\/1"}],"replies":[{"embeddable":true,"href":"https:\/\/multiformas.com.co\/tienda\/wp-json\/wp\/v2\/comments?post=267"}],"version-history":[{"count":7,"href":"https:\/\/multiformas.com.co\/tienda\/wp-json\/wp\/v2\/pages\/267\/revisions"}],"predecessor-version":[{"id":11540,"href":"https:\/\/multiformas.com.co\/tienda\/wp-json\/wp\/v2\/pages\/267\/revisions\/11540"}],"wp:attachment":[{"href":"https:\/\/multiformas.com.co\/tienda\/wp-json\/wp\/v2\/media?parent=267"}],"curies":[{"name":"wp","href":"https:\/\/api.w.org\/{rel}","templated":true}]}}