{"id":10296,"date":"2020-05-26T14:01:50","date_gmt":"2020-05-26T14:01:50","guid":{"rendered":"https:\/\/multiformas.com.co\/tienda\/?post_type=product&#038;p=10296"},"modified":"2024-09-03T21:18:22","modified_gmt":"2024-09-03T21:18:22","slug":"silla-lisa","status":"publish","type":"product","link":"https:\/\/multiformas.com.co\/tienda\/producto\/silla-lisa\/","title":{"rendered":"Silla Lisa"},"content":{"rendered":"<p>MECANISMO: contacto permanente Plato en acero sin soldaduras palanca lateral de accionamiento<\/p>\n<p>CILINDRO: a gas para graduaci\u00f3n de la altura, cubierta telesc\u00f3pica elaborado en polipropileno<\/p>\n<p>ASIENTO Y ESPALDAR: Elaborado en polipropileno , asiento y espaldar interno con aleaci\u00f3n de pl\u00e1stico y madera, con espuma densidad 26 (calidad espumados) tapizados en pa\u00f1o, micro fibra, pranna, cuerotex, microsuede. Colores a elegir<\/p>\n<p>BASE: de aspas en nylon negra y rodachines en nylon<\/p>\n","protected":false},"excerpt":{"rendered":"<p>MECANISMO: contacto permanente Plato en acero sin soldaduras palanca lateral de accionamiento<\/p>\n<p>ASIENTO Y ESPALDAR: Elaborado en polipropileno , asiento y espaldar interno con aleaci\u00f3n de pl\u00e1stico y madera, con espuma densidad 26 (calidad espumados) tapizados en pa\u00f1o, micro fibra, pranna, cuerotex, microsuede. Colores a elegir<\/p>\n<p>BASE: de aspas en nylon negra y rodachines en nylon<\/p>\n","protected":false},"featured_media":11028,"comment_status":"open","ping_status":"closed","template":"","meta":{"spay_email":""},"class_list":["post-10296","product","type-product","status-publish","has-post-thumbnail","hentry","product_cat-sillas-secretariales","product_tag-ajustables","product_tag-silla-secretarial","product_tag-tapizada"],"_links":{"self":[{"href":"https:\/\/multiformas.com.co\/tienda\/wp-json\/wp\/v2\/product\/10296","targetHints":{"allow":["GET"]}}],"collection":[{"href":"https:\/\/multiformas.com.co\/tienda\/wp-json\/wp\/v2\/product"}],"about":[{"href":"https:\/\/multiformas.com.co\/tienda\/wp-json\/wp\/v2\/types\/product"}],"replies":[{"embeddable":true,"href":"https:\/\/multiformas.com.co\/tienda\/wp-json\/wp\/v2\/comments?post=10296"}],"wp:featuredmedia":[{"embeddable":true,"href":"https:\/\/multiformas.com.co\/tienda\/wp-json\/wp\/v2\/media\/11028"}],"wp:attachment":[{"href":"https:\/\/multiformas.com.co\/tienda\/wp-json\/wp\/v2\/media?parent=10296"}],"curies":[{"name":"wp","href":"https:\/\/api.w.org\/{rel}","templated":true}]}}