{"id":11106,"date":"2020-06-19T23:16:31","date_gmt":"2020-06-19T23:16:31","guid":{"rendered":"https:\/\/multiformas.com.co\/tienda\/?post_type=product&#038;p=11106"},"modified":"2024-09-03T19:49:32","modified_gmt":"2024-09-03T19:49:32","slug":"silla-isos-operativa","status":"publish","type":"product","link":"https:\/\/multiformas.com.co\/tienda\/producto\/silla-isos-operativa\/","title":{"rendered":"Silla Isos Operativa (Preguntar Existencia)"},"content":{"rendered":"<p>ESPALDA: Interna en polipropileno con tuerca u\u00f1a en acero para ensamblar con estructura met\u00e1lica y carcaza interna en polipropileno\u00a0 espuma rosada N\u00b05 de alta resistencia. Tapizada en pa\u00f1o color y material seg\u00fan elecci\u00f3n y disponibilidad.<\/p>\n<p>ASIENTO: Interno en polipropileno abullonado con espuma inyectada y moldeada densidad 60m\/g tapizado en pa\u00f1o, tapizado en pa\u00f1o color y material seg\u00fan elecci\u00f3n y disponibilidad.<\/p>\n<p>BASE: Giratoria de 5 aspas en Nylon<\/p>\n<p>RUEDAS: 100% en nylon dobles pista de suave rodamiento<\/p>\n","protected":false},"excerpt":{"rendered":"<p>ESPALDA: Interna en polipropileno\u00a0 Tapizada en pa\u00f1o color y material seg\u00fan elecci\u00f3n y disponibilidad.<\/p>\n<p>ASIENTO: Interno en polipropileno\u00a0 tapizado en pa\u00f1o color y material seg\u00fan elecci\u00f3n y disponibilidad.<\/p>\n<p>BASE: Giratoria de 5 aspas en Nylon<\/p>\n","protected":false},"featured_media":11107,"comment_status":"open","ping_status":"closed","template":"","meta":{"spay_email":""},"class_list":["post-11106","product","type-product","status-publish","has-post-thumbnail","hentry","product_cat-sillas-secretariales","product_tag-ajustables","product_tag-con-ruedas","product_tag-tapizada"],"_links":{"self":[{"href":"https:\/\/multiformas.com.co\/tienda\/wp-json\/wp\/v2\/product\/11106","targetHints":{"allow":["GET"]}}],"collection":[{"href":"https:\/\/multiformas.com.co\/tienda\/wp-json\/wp\/v2\/product"}],"about":[{"href":"https:\/\/multiformas.com.co\/tienda\/wp-json\/wp\/v2\/types\/product"}],"replies":[{"embeddable":true,"href":"https:\/\/multiformas.com.co\/tienda\/wp-json\/wp\/v2\/comments?post=11106"}],"wp:featuredmedia":[{"embeddable":true,"href":"https:\/\/multiformas.com.co\/tienda\/wp-json\/wp\/v2\/media\/11107"}],"wp:attachment":[{"href":"https:\/\/multiformas.com.co\/tienda\/wp-json\/wp\/v2\/media?parent=11106"}],"curies":[{"name":"wp","href":"https:\/\/api.w.org\/{rel}","templated":true}]}}