{"id":11136,"date":"2020-06-26T20:55:21","date_gmt":"2020-06-26T20:55:21","guid":{"rendered":"https:\/\/multiformas.com.co\/tienda\/?post_type=product&#038;p=11136"},"modified":"2021-06-16T00:49:41","modified_gmt":"2021-06-16T00:49:41","slug":"silla-delp","status":"publish","type":"product","link":"https:\/\/multiformas.com.co\/tienda\/producto\/silla-delp\/","title":{"rendered":"Silla Delp (Preguntar Existencias)"},"content":{"rendered":"<p>MECANISMO:\u00a0 \u00a0mecanismo basculante con un bloqueo a 90\u00b0, regulaci\u00f3n de tensi\u00f3n mediante perilla. Neum\u00e1tico con elevaci\u00f3n a gas<\/p>\n<p>ESPALDAR:\u00a0 alto, Marco perimetral en polipropileno tapizado en malla poliester.<\/p>\n<p>APOYO LUMBAR: regulable en altura (4cm) y profundidad (3cm).<\/p>\n<p>ASIENTO: tapizado en pa\u00f1o, con espuma laminada densidad 26.<\/p>\n<p>BRAZOS: Estructura en polipropileno, regulable en altura (9cm) con opci\u00f3n de brazo 3D en poliuretano, regulable en altura (9cm), profundidad (6cm) y \u00e1ngulo.<\/p>\n<p>BASE: en nylon de 320 mm. Ruedas en nylon<\/p>\n","protected":false},"excerpt":{"rendered":"<p>MECANISMO: mecanismo basculante con un bloqueo a 90\u00b0, regulaci\u00f3n de tensi\u00f3n mediante perilla. Neum\u00e1tico con elevaci\u00f3n a gas<\/p>\n<p>ESPALDAR:\u00a0 alto, Marco perimetral en polipropileno tapizado en malla poliester.<\/p>\n<p>APOYO LUMBAR: regulable en altura (4cm) y profundidad (3cm).<\/p>\n<p>ASIENTO: tapizado en pa\u00f1o, con espuma laminada densidad 26.<\/p>\n","protected":false},"featured_media":11137,"comment_status":"open","ping_status":"closed","template":"","meta":{"spay_email":""},"class_list":["post-11136","product","type-product","status-publish","has-post-thumbnail","hentry","product_cat-sillas-gerenciales","product_tag-base-nylon","product_tag-con-brazo","product_tag-ergonomicas","product_tag-ideal-para-escritorios","product_tag-malla"],"_links":{"self":[{"href":"https:\/\/multiformas.com.co\/tienda\/wp-json\/wp\/v2\/product\/11136","targetHints":{"allow":["GET"]}}],"collection":[{"href":"https:\/\/multiformas.com.co\/tienda\/wp-json\/wp\/v2\/product"}],"about":[{"href":"https:\/\/multiformas.com.co\/tienda\/wp-json\/wp\/v2\/types\/product"}],"replies":[{"embeddable":true,"href":"https:\/\/multiformas.com.co\/tienda\/wp-json\/wp\/v2\/comments?post=11136"}],"wp:featuredmedia":[{"embeddable":true,"href":"https:\/\/multiformas.com.co\/tienda\/wp-json\/wp\/v2\/media\/11137"}],"wp:attachment":[{"href":"https:\/\/multiformas.com.co\/tienda\/wp-json\/wp\/v2\/media?parent=11136"}],"curies":[{"name":"wp","href":"https:\/\/api.w.org\/{rel}","templated":true}]}}